{"id":27,"date":"2021-03-17T18:46:32","date_gmt":"2021-03-17T18:46:32","guid":{"rendered":"https:\/\/www.ls-labtech.de\/lslabtech\/home\/"},"modified":"2024-05-17T12:08:14","modified_gmt":"2024-05-17T12:08:14","slug":"home","status":"publish","type":"page","link":"https:\/\/www.ls-labtech.de\/wp\/","title":{"rendered":""},"content":{"rendered":"<hr \/>\n<h2 style=\"text-align: center;\">Pr\u00fcfstandsmodernisierung<br \/>\nProjektierung, Inbetriebnahme und Schulung.<br \/>\nAn- und Verkauf von Laborausr\u00fcstung<\/h2>\n<hr \/>\n<h1>LS LabTech<\/h1>\n<h3><a href=\"https:\/\/www.ls-labtech.de\/wp\/pruefstandsmodernisierung\/\"><strong>Modernisierung von Werkstoffpr\u00fcfmaschinen:<\/strong><\/a><\/h3>\n<ul>\n<li>Hardwareupgrade und Softwareupgrade der Regelung<\/li>\n<li>Erneuerung der Antriebskomponenten<\/li>\n<li>Projektierung und Inbetriebnahme<\/li>\n<li>Schulung<\/li>\n<li>Kalibrierung<\/li>\n<\/ul>\n<h3><a href=\"https:\/\/www.ls-labtech.de\/wp\/ankauf-und-verkauf\/\"><strong>An- und Verkauf von Hochwertiger Laborausr\u00fcstung:<\/strong><\/a><\/h3>\n<ul>\n<li>Messelektronik<\/li>\n<li>Werkstoffpr\u00fcfmaschinen<\/li>\n<li>Sensoren<\/li>\n<li>Servohydraulische Komponenten<\/li>\n<li>Regler<\/li>\n<li>Ersatzteile<\/li>\n<\/ul>\n<p>&nbsp;<\/p>\n","protected":false},"excerpt":{"rendered":"<p>Pr\u00fcfstandsmodernisierung Projektierung, Inbetriebnahme und Schulung. An- und Verkauf von Laborausr\u00fcstung LS LabTech Modernisierung von Werkstoffpr\u00fcfmaschinen: Hardwareupgrade und Softwareupgrade der Regelung Erneuerung der Antriebskomponenten Projektierung <a class=\"more-link\" href=\"https:\/\/www.ls-labtech.de\/wp\/\">weiterlesen&#8230;<\/a><\/p>\n","protected":false},"author":4,"featured_media":948,"parent":0,"menu_order":0,"comment_status":"closed","ping_status":"closed","template":"","meta":{"footnotes":""},"class_list":["post-27","page","type-page","status-publish","has-post-thumbnail","hentry"],"yoast_head":"<!-- This site is optimized with the Yoast SEO plugin v27.5 - https:\/\/yoast.com\/product\/yoast-seo-wordpress\/ -->\n<title>LS LabTech - Ihr kompetenter Berater<\/title>\n<meta name=\"description\" content=\"Ihr kompetenter Berater im Bereich der mechanischen Pr\u00fcfung von Werkstoffen und Bauteilen sowie der Kalibrierung von mechanischen und dimensionalen Messgr\u00f6\u00dfen\" \/>\n<meta name=\"robots\" content=\"index, follow, max-snippet:-1, max-image-preview:large, max-video-preview:-1\" \/>\n<link rel=\"canonical\" href=\"https:\/\/www.ls-labtech.de\/wp\/\" \/>\n<meta property=\"og:locale\" content=\"de_DE\" \/>\n<meta property=\"og:type\" content=\"article\" \/>\n<meta property=\"og:title\" content=\"LS LabTech - Ihr kompetenter Berater\" \/>\n<meta property=\"og:description\" content=\"Ihr kompetenter Berater im Bereich der mechanischen Pr\u00fcfung von Werkstoffen und Bauteilen sowie der Kalibrierung von mechanischen und dimensionalen Messgr\u00f6\u00dfen\" \/>\n<meta property=\"og:url\" content=\"https:\/\/www.ls-labtech.de\/wp\/\" \/>\n<meta property=\"og:site_name\" content=\"LS LabTech\" \/>\n<meta property=\"article:modified_time\" content=\"2024-05-17T12:08:14+00:00\" \/>\n<meta property=\"og:image\" content=\"https:\/\/www.ls-labtech.de\/wp\/wp-content\/uploads\/2023\/02\/Strassensimulator-labtech-scaled.jpg\" \/>\n\t<meta property=\"og:image:width\" content=\"2560\" \/>\n\t<meta property=\"og:image:height\" content=\"1580\" \/>\n\t<meta property=\"og:image:type\" content=\"image\/jpeg\" \/>\n<meta name=\"twitter:card\" content=\"summary_large_image\" \/>\n<meta name=\"twitter:label1\" content=\"Gesch\u00e4tzte Lesezeit\" \/>\n\t<meta name=\"twitter:data1\" content=\"1\u00a0Minute\" \/>\n<script type=\"application\/ld+json\" class=\"yoast-schema-graph\">{\"@context\":\"https:\\\/\\\/schema.org\",\"@graph\":[{\"@type\":\"WebPage\",\"@id\":\"https:\\\/\\\/www.ls-labtech.de\\\/wp\\\/\",\"url\":\"https:\\\/\\\/www.ls-labtech.de\\\/wp\\\/\",\"name\":\"LS LabTech - Ihr kompetenter Berater\",\"isPartOf\":{\"@id\":\"https:\\\/\\\/www.ls-labtech.de\\\/wp\\\/#website\"},\"primaryImageOfPage\":{\"@id\":\"https:\\\/\\\/www.ls-labtech.de\\\/wp\\\/#primaryimage\"},\"image\":{\"@id\":\"https:\\\/\\\/www.ls-labtech.de\\\/wp\\\/#primaryimage\"},\"thumbnailUrl\":\"https:\\\/\\\/www.ls-labtech.de\\\/wp\\\/wp-content\\\/uploads\\\/2023\\\/02\\\/Strassensimulator-labtech-scaled.jpg\",\"datePublished\":\"2021-03-17T18:46:32+00:00\",\"dateModified\":\"2024-05-17T12:08:14+00:00\",\"description\":\"Ihr kompetenter Berater im Bereich der mechanischen Pr\u00fcfung von Werkstoffen und Bauteilen sowie der Kalibrierung von mechanischen und dimensionalen Messgr\u00f6\u00dfen\",\"inLanguage\":\"de\",\"potentialAction\":[{\"@type\":\"ReadAction\",\"target\":[\"https:\\\/\\\/www.ls-labtech.de\\\/wp\\\/\"]}]},{\"@type\":\"ImageObject\",\"inLanguage\":\"de\",\"@id\":\"https:\\\/\\\/www.ls-labtech.de\\\/wp\\\/#primaryimage\",\"url\":\"https:\\\/\\\/www.ls-labtech.de\\\/wp\\\/wp-content\\\/uploads\\\/2023\\\/02\\\/Strassensimulator-labtech-scaled.jpg\",\"contentUrl\":\"https:\\\/\\\/www.ls-labtech.de\\\/wp\\\/wp-content\\\/uploads\\\/2023\\\/02\\\/Strassensimulator-labtech-scaled.jpg\",\"width\":2560,\"height\":1580,\"caption\":\"Strassensimulator\"},{\"@type\":\"WebSite\",\"@id\":\"https:\\\/\\\/www.ls-labtech.de\\\/wp\\\/#website\",\"url\":\"https:\\\/\\\/www.ls-labtech.de\\\/wp\\\/\",\"name\":\"LS LabTech\",\"description\":\"Ihr kompetenter Berater\",\"potentialAction\":[{\"@type\":\"SearchAction\",\"target\":{\"@type\":\"EntryPoint\",\"urlTemplate\":\"https:\\\/\\\/www.ls-labtech.de\\\/wp\\\/?s={search_term_string}\"},\"query-input\":{\"@type\":\"PropertyValueSpecification\",\"valueRequired\":true,\"valueName\":\"search_term_string\"}}],\"inLanguage\":\"de\"}]}<\/script>\n<!-- \/ Yoast SEO plugin. -->","yoast_head_json":{"title":"LS LabTech - Ihr kompetenter Berater","description":"Ihr kompetenter Berater im Bereich der mechanischen Pr\u00fcfung von Werkstoffen und Bauteilen sowie der Kalibrierung von mechanischen und dimensionalen Messgr\u00f6\u00dfen","robots":{"index":"index","follow":"follow","max-snippet":"max-snippet:-1","max-image-preview":"max-image-preview:large","max-video-preview":"max-video-preview:-1"},"canonical":"https:\/\/www.ls-labtech.de\/wp\/","og_locale":"de_DE","og_type":"article","og_title":"LS LabTech - Ihr kompetenter Berater","og_description":"Ihr kompetenter Berater im Bereich der mechanischen Pr\u00fcfung von Werkstoffen und Bauteilen sowie der Kalibrierung von mechanischen und dimensionalen Messgr\u00f6\u00dfen","og_url":"https:\/\/www.ls-labtech.de\/wp\/","og_site_name":"LS LabTech","article_modified_time":"2024-05-17T12:08:14+00:00","og_image":[{"width":2560,"height":1580,"url":"https:\/\/www.ls-labtech.de\/wp\/wp-content\/uploads\/2023\/02\/Strassensimulator-labtech-scaled.jpg","type":"image\/jpeg"}],"twitter_card":"summary_large_image","twitter_misc":{"Gesch\u00e4tzte Lesezeit":"1\u00a0Minute"},"schema":{"@context":"https:\/\/schema.org","@graph":[{"@type":"WebPage","@id":"https:\/\/www.ls-labtech.de\/wp\/","url":"https:\/\/www.ls-labtech.de\/wp\/","name":"LS LabTech - Ihr kompetenter Berater","isPartOf":{"@id":"https:\/\/www.ls-labtech.de\/wp\/#website"},"primaryImageOfPage":{"@id":"https:\/\/www.ls-labtech.de\/wp\/#primaryimage"},"image":{"@id":"https:\/\/www.ls-labtech.de\/wp\/#primaryimage"},"thumbnailUrl":"https:\/\/www.ls-labtech.de\/wp\/wp-content\/uploads\/2023\/02\/Strassensimulator-labtech-scaled.jpg","datePublished":"2021-03-17T18:46:32+00:00","dateModified":"2024-05-17T12:08:14+00:00","description":"Ihr kompetenter Berater im Bereich der mechanischen Pr\u00fcfung von Werkstoffen und Bauteilen sowie der Kalibrierung von mechanischen und dimensionalen Messgr\u00f6\u00dfen","inLanguage":"de","potentialAction":[{"@type":"ReadAction","target":["https:\/\/www.ls-labtech.de\/wp\/"]}]},{"@type":"ImageObject","inLanguage":"de","@id":"https:\/\/www.ls-labtech.de\/wp\/#primaryimage","url":"https:\/\/www.ls-labtech.de\/wp\/wp-content\/uploads\/2023\/02\/Strassensimulator-labtech-scaled.jpg","contentUrl":"https:\/\/www.ls-labtech.de\/wp\/wp-content\/uploads\/2023\/02\/Strassensimulator-labtech-scaled.jpg","width":2560,"height":1580,"caption":"Strassensimulator"},{"@type":"WebSite","@id":"https:\/\/www.ls-labtech.de\/wp\/#website","url":"https:\/\/www.ls-labtech.de\/wp\/","name":"LS LabTech","description":"Ihr kompetenter Berater","potentialAction":[{"@type":"SearchAction","target":{"@type":"EntryPoint","urlTemplate":"https:\/\/www.ls-labtech.de\/wp\/?s={search_term_string}"},"query-input":{"@type":"PropertyValueSpecification","valueRequired":true,"valueName":"search_term_string"}}],"inLanguage":"de"}]}},"_links":{"self":[{"href":"https:\/\/www.ls-labtech.de\/wp\/wp-json\/wp\/v2\/pages\/27","targetHints":{"allow":["GET"]}}],"collection":[{"href":"https:\/\/www.ls-labtech.de\/wp\/wp-json\/wp\/v2\/pages"}],"about":[{"href":"https:\/\/www.ls-labtech.de\/wp\/wp-json\/wp\/v2\/types\/page"}],"author":[{"embeddable":true,"href":"https:\/\/www.ls-labtech.de\/wp\/wp-json\/wp\/v2\/users\/4"}],"replies":[{"embeddable":true,"href":"https:\/\/www.ls-labtech.de\/wp\/wp-json\/wp\/v2\/comments?post=27"}],"version-history":[{"count":52,"href":"https:\/\/www.ls-labtech.de\/wp\/wp-json\/wp\/v2\/pages\/27\/revisions"}],"predecessor-version":[{"id":1190,"href":"https:\/\/www.ls-labtech.de\/wp\/wp-json\/wp\/v2\/pages\/27\/revisions\/1190"}],"wp:featuredmedia":[{"embeddable":true,"href":"https:\/\/www.ls-labtech.de\/wp\/wp-json\/wp\/v2\/media\/948"}],"wp:attachment":[{"href":"https:\/\/www.ls-labtech.de\/wp\/wp-json\/wp\/v2\/media?parent=27"}],"curies":[{"name":"wp","href":"https:\/\/api.w.org\/{rel}","templated":true}]}}